{"id":12,"date":"2017-03-08T09:44:37","date_gmt":"2017-03-08T08:44:37","guid":{"rendered":"http:\/\/localhost\/onclin\/?page_id=12"},"modified":"2025-12-14T14:48:23","modified_gmt":"2025-12-14T13:48:23","slug":"oeuvre","status":"publish","type":"page","link":"https:\/\/koronclin.com\/fr\/oeuvre\/","title":{"rendered":"Oeuvre Kor Onclin"},"content":{"rendered":"<p>Un \u2018Onclin\u2019 montre incontestablement la main du ma\u00eetre. Il est vrai que les styles diff\u00e8rent, allant de l\u2019abstraction \u00e0 une figuration \u2018rel\u00e2ch\u00e9e\u2019. Tout est clair et pr\u00e9cis. Dans son \u00e9criture vigoureuse il nous montre les th\u00e8mes qui l\u2019occupent intens\u00e9ment.<\/p>\n<p>Kor Onclin aime la vie. Il montre avec passion la beaut\u00e9 d\u2019un paysage et sa fascination pour l\u2019homme sous toutes ses apparences. Mais \u00e9galement son inqui\u00e9tude concernant les forces destructrices qui tendent \u00e0 ab\u00eemer l\u2019unit\u00e9 et l\u2019unicit\u00e9 d\u2019une vie et du monde.<\/p>\n<p>Les couleurs de Kor Onclin sont celles d\u2019un homme passionn\u00e9 et vivant intens\u00e9ment, un homme qui chaque jour est en admiration devant la beaut\u00e9 des choses de la vie. Mais dans sa palette il y a aussi les teintes et les nuances qui \u00e9voquent ses autres \u00e9tats d\u2019\u00e2me: le bleu profond de la nuit, son feeling blue. Ce sont les couleurs de la blessure et de l\u2019ahurissement. Elles sont moins exub\u00e9rantes, mais tout aussi expressives; Kor Onclin ne cache pas ses sentiments! Par la stratification mat\u00e9riel dans beaucoup de ses peintures il montre en m\u00eame temps \u2018l\u2019\u00e9paisseur\u2019 de sa th\u00e9matique et de ses nombreux aspects.<\/p>\n<p>En creusant et grattant les couches de peinture -surtout dans ses \u0153uvres plus anciennes- il rend ainsi visible une r\u00e9alit\u00e9 v\u00e9cue. Les tableaux peints de fa\u00e7on moins p\u00e2teuse dont beaucoup sur du papier, ne sont pourtant jamais superficiels ni \u2018rapides\u2019. Une seule esquisse pr\u00e9figure un monde complet.<br \/>\nKor Onclin nous lance un appel, \u00e0 moi qui regarde, un appel pour le suivre dans la qu\u00eate de la vie. Il nous invite et nous accueille dans le monde qu\u2019il repr\u00e9sente \u00e0 travers ses peintures et qu\u2019il veut nous faire conna\u00eetre.<\/p>\n","protected":false},"excerpt":{"rendered":"<p>Un \u2018Onclin\u2019 montre incontestablement la main du ma\u00eetre. Il est vrai que les styles diff\u00e8rent, allant de l\u2019abstraction \u00e0 une&#8230;<\/p>\n","protected":false},"author":1,"featured_media":151,"parent":0,"menu_order":0,"comment_status":"closed","ping_status":"closed","template":"template-oevre.php","meta":{"footnotes":""},"class_list":["post-12","page","type-page","status-publish","has-post-thumbnail","hentry"],"translation":{"provider":"WPGlobus","version":"3.0.0","language":"fr","enabled_languages":["nl","gb","fr","fy"],"languages":{"nl":{"title":true,"content":true,"excerpt":false},"gb":{"title":true,"content":true,"excerpt":false},"fr":{"title":true,"content":true,"excerpt":false},"fy":{"title":true,"content":true,"excerpt":false}}},"yoast_head":"<!-- This site is optimized with the Yoast SEO plugin v26.5 - https:\/\/yoast.com\/wordpress\/plugins\/seo\/ -->\n<title>Oeuvre Kor Onclin - Kor Onclin<\/title>\n<meta name=\"robots\" content=\"index, follow, max-snippet:-1, max-image-preview:large, max-video-preview:-1\" \/>\n<link rel=\"canonical\" href=\"https:\/\/koronclin.com\/oeuvre\/\" \/>\n<meta property=\"og:locale\" content=\"fr_FR\" \/>\n<meta property=\"og:type\" content=\"article\" \/>\n<meta property=\"og:title\" content=\"Oeuvre Kor Onclin - Kor Onclin\" \/>\n<meta property=\"og:url\" content=\"https:\/\/koronclin.com\/oeuvre\/\" \/>\n<meta property=\"og:site_name\" content=\"Kor Onclin\" \/>\n<meta property=\"article:publisher\" content=\"https:\/\/www.facebook\/koronclin\" \/>\n<meta property=\"article:modified_time\" content=\"2025-12-14T13:48:23+00:00\" \/>\n<meta property=\"og:image\" content=\"https:\/\/koronclin.com\/wp-content\/uploads\/2017\/03\/featured-oeuvre.jpg\" \/>\n\t<meta property=\"og:image:width\" content=\"742\" \/>\n\t<meta property=\"og:image:height\" content=\"400\" \/>\n\t<meta property=\"og:image:type\" content=\"image\/jpeg\" \/>\n<meta name=\"twitter:card\" content=\"summary_large_image\" \/>\n<meta name=\"twitter:site\" content=\"@koronclin\" \/>\n<meta name=\"twitter:label1\" content=\"Est. reading time\" \/>\n\t<meta name=\"twitter:data1\" content=\"2 minutes\" \/>\n<script type=\"application\/ld+json\" class=\"yoast-schema-graph\">{\"@context\":\"https:\/\/schema.org\",\"@graph\":[{\"@type\":\"WebPage\",\"@id\":\"https:\/\/koronclin.com\/oeuvre\/\",\"url\":\"https:\/\/koronclin.com\/oeuvre\/\",\"name\":\"Oeuvre Kor Onclin - Kor Onclin\",\"isPartOf\":{\"@id\":\"https:\/\/koronclin.com\/#website\"},\"primaryImageOfPage\":{\"@id\":\"https:\/\/koronclin.com\/oeuvre\/#primaryimage\"},\"image\":{\"@id\":\"https:\/\/koronclin.com\/oeuvre\/#primaryimage\"},\"thumbnailUrl\":\"https:\/\/koronclin.com\/wp-content\/uploads\/2017\/03\/featured-oeuvre.jpg\",\"datePublished\":\"2017-03-08T08:44:37+00:00\",\"dateModified\":\"2025-12-14T13:48:23+00:00\",\"breadcrumb\":{\"@id\":\"https:\/\/koronclin.com\/oeuvre\/#breadcrumb\"},\"inLanguage\":\"fr-FR\",\"potentialAction\":[{\"@type\":\"ReadAction\",\"target\":[\"https:\/\/koronclin.com\/oeuvre\/\"]}]},{\"@type\":\"ImageObject\",\"inLanguage\":\"fr-FR\",\"@id\":\"https:\/\/koronclin.com\/oeuvre\/#primaryimage\",\"url\":\"https:\/\/koronclin.com\/wp-content\/uploads\/2017\/03\/featured-oeuvre.jpg\",\"contentUrl\":\"https:\/\/koronclin.com\/wp-content\/uploads\/2017\/03\/featured-oeuvre.jpg\",\"width\":742,\"height\":400},{\"@type\":\"BreadcrumbList\",\"@id\":\"https:\/\/koronclin.com\/oeuvre\/#breadcrumb\",\"itemListElement\":[{\"@type\":\"ListItem\",\"position\":1,\"name\":\"Home\",\"item\":\"https:\/\/koronclin.com\/\"},{\"@type\":\"ListItem\",\"position\":2,\"name\":\"Oeuvre Kor Onclin\"}]},{\"@type\":\"WebSite\",\"@id\":\"https:\/\/koronclin.com\/#website\",\"url\":\"https:\/\/koronclin.com\/\",\"name\":\"Kor Onclin\",\"description\":\"D\u00e9di\u00e9 au travail de Kor Onclin (1918 - 2003)\",\"publisher\":{\"@id\":\"https:\/\/koronclin.com\/#organization\"},\"potentialAction\":[{\"@type\":\"SearchAction\",\"target\":{\"@type\":\"EntryPoint\",\"urlTemplate\":\"https:\/\/koronclin.com\/?s={search_term_string}\"},\"query-input\":{\"@type\":\"PropertyValueSpecification\",\"valueRequired\":true,\"valueName\":\"search_term_string\"}}],\"inLanguage\":\"fr-FR\"},{\"@type\":\"Organization\",\"@id\":\"https:\/\/koronclin.com\/#organization\",\"name\":\"Kor Onclin\",\"url\":\"https:\/\/koronclin.com\/\",\"logo\":{\"@type\":\"ImageObject\",\"inLanguage\":\"fr-FR\",\"@id\":\"https:\/\/koronclin.com\/#\/schema\/logo\/image\/\",\"url\":\"https:\/\/koronclin.com\/wp-content\/uploads\/2023\/07\/logo-smal-4.png\",\"contentUrl\":\"https:\/\/koronclin.com\/wp-content\/uploads\/2023\/07\/logo-smal-4.png\",\"width\":640,\"height\":274,\"caption\":\"Kor Onclin\"},\"image\":{\"@id\":\"https:\/\/koronclin.com\/#\/schema\/logo\/image\/\"},\"sameAs\":[\"https:\/\/www.facebook\/koronclin\",\"https:\/\/x.com\/koronclin\"]}]}<\/script>\n<!-- \/ Yoast SEO plugin. -->","yoast_head_json":{"title":"Oeuvre Kor Onclin - Kor Onclin","robots":{"index":"index","follow":"follow","max-snippet":"max-snippet:-1","max-image-preview":"max-image-preview:large","max-video-preview":"max-video-preview:-1"},"canonical":"https:\/\/koronclin.com\/oeuvre\/","og_locale":"fr_FR","og_type":"article","og_title":"Oeuvre Kor Onclin - Kor Onclin","og_url":"https:\/\/koronclin.com\/oeuvre\/","og_site_name":"Kor Onclin","article_publisher":"https:\/\/www.facebook\/koronclin","article_modified_time":"2025-12-14T13:48:23+00:00","og_image":[{"width":742,"height":400,"url":"https:\/\/koronclin.com\/wp-content\/uploads\/2017\/03\/featured-oeuvre.jpg","type":"image\/jpeg"}],"twitter_card":"summary_large_image","twitter_site":"@koronclin","twitter_misc":{"Est. reading time":"2 minutes"},"schema":{"@context":"https:\/\/schema.org","@graph":[{"@type":"WebPage","@id":"https:\/\/koronclin.com\/oeuvre\/","url":"https:\/\/koronclin.com\/oeuvre\/","name":"Oeuvre Kor Onclin - Kor Onclin","isPartOf":{"@id":"https:\/\/koronclin.com\/#website"},"primaryImageOfPage":{"@id":"https:\/\/koronclin.com\/oeuvre\/#primaryimage"},"image":{"@id":"https:\/\/koronclin.com\/oeuvre\/#primaryimage"},"thumbnailUrl":"https:\/\/koronclin.com\/wp-content\/uploads\/2017\/03\/featured-oeuvre.jpg","datePublished":"2017-03-08T08:44:37+00:00","dateModified":"2025-12-14T13:48:23+00:00","breadcrumb":{"@id":"https:\/\/koronclin.com\/oeuvre\/#breadcrumb"},"inLanguage":"fr-FR","potentialAction":[{"@type":"ReadAction","target":["https:\/\/koronclin.com\/oeuvre\/"]}]},{"@type":"ImageObject","inLanguage":"fr-FR","@id":"https:\/\/koronclin.com\/oeuvre\/#primaryimage","url":"https:\/\/koronclin.com\/wp-content\/uploads\/2017\/03\/featured-oeuvre.jpg","contentUrl":"https:\/\/koronclin.com\/wp-content\/uploads\/2017\/03\/featured-oeuvre.jpg","width":742,"height":400},{"@type":"BreadcrumbList","@id":"https:\/\/koronclin.com\/oeuvre\/#breadcrumb","itemListElement":[{"@type":"ListItem","position":1,"name":"Home","item":"https:\/\/koronclin.com\/"},{"@type":"ListItem","position":2,"name":"Oeuvre Kor Onclin"}]},{"@type":"WebSite","@id":"https:\/\/koronclin.com\/#website","url":"https:\/\/koronclin.com\/","name":"Kor Onclin","description":"D\u00e9di\u00e9 au travail de Kor Onclin (1918 - 2003)","publisher":{"@id":"https:\/\/koronclin.com\/#organization"},"potentialAction":[{"@type":"SearchAction","target":{"@type":"EntryPoint","urlTemplate":"https:\/\/koronclin.com\/?s={search_term_string}"},"query-input":{"@type":"PropertyValueSpecification","valueRequired":true,"valueName":"search_term_string"}}],"inLanguage":"fr-FR"},{"@type":"Organization","@id":"https:\/\/koronclin.com\/#organization","name":"Kor Onclin","url":"https:\/\/koronclin.com\/","logo":{"@type":"ImageObject","inLanguage":"fr-FR","@id":"https:\/\/koronclin.com\/#\/schema\/logo\/image\/","url":"https:\/\/koronclin.com\/wp-content\/uploads\/2023\/07\/logo-smal-4.png","contentUrl":"https:\/\/koronclin.com\/wp-content\/uploads\/2023\/07\/logo-smal-4.png","width":640,"height":274,"caption":"Kor Onclin"},"image":{"@id":"https:\/\/koronclin.com\/#\/schema\/logo\/image\/"},"sameAs":["https:\/\/www.facebook\/koronclin","https:\/\/x.com\/koronclin"]}]}},"jetpack_sharing_enabled":true,"_links":{"self":[{"href":"https:\/\/koronclin.com\/fr\/wp-json\/wp\/v2\/pages\/12","targetHints":{"allow":["GET"]}}],"collection":[{"href":"https:\/\/koronclin.com\/fr\/wp-json\/wp\/v2\/pages"}],"about":[{"href":"https:\/\/koronclin.com\/fr\/wp-json\/wp\/v2\/types\/page"}],"author":[{"embeddable":true,"href":"https:\/\/koronclin.com\/fr\/wp-json\/wp\/v2\/users\/1"}],"replies":[{"embeddable":true,"href":"https:\/\/koronclin.com\/fr\/wp-json\/wp\/v2\/comments?post=12"}],"version-history":[{"count":25,"href":"https:\/\/koronclin.com\/fr\/wp-json\/wp\/v2\/pages\/12\/revisions"}],"predecessor-version":[{"id":5319,"href":"https:\/\/koronclin.com\/fr\/wp-json\/wp\/v2\/pages\/12\/revisions\/5319"}],"wp:featuredmedia":[{"embeddable":true,"href":"https:\/\/koronclin.com\/fr\/wp-json\/wp\/v2\/media\/151"}],"wp:attachment":[{"href":"https:\/\/koronclin.com\/fr\/wp-json\/wp\/v2\/media?parent=12"}],"curies":[{"name":"wp","href":"https:\/\/api.w.org\/{rel}","templated":true}]}}