{"id":127,"date":"2017-03-14T21:09:32","date_gmt":"2017-03-14T20:09:32","guid":{"rendered":"http:\/\/onclin.uwid.nl\/?page_id=127"},"modified":"2025-12-14T14:51:39","modified_gmt":"2025-12-14T13:51:39","slug":"biografie","status":"publish","type":"page","link":"https:\/\/koronclin.com\/fr\/biografie\/","title":{"rendered":"Biographie"},"content":{"rendered":"<h1 class=\"p1\"><span class=\"s1\">Kor Onclin (1918 &#8211; 2003) <em>&#8216;<\/em><em>Une vie haute en couleurs.&#8217;<\/em><\/span><\/h1>\n<p><img loading=\"lazy\" decoding=\"async\" data-attachment-id=\"80\" data-permalink=\"https:\/\/koronclin.com\/fr\/oeuvre\/oevre_image\/\" data-orig-file=\"https:\/\/koronclin.com\/wp-content\/uploads\/2017\/03\/oevre_image.jpg\" data-orig-size=\"193,246\" data-comments-opened=\"1\" data-image-meta=\"{&quot;aperture&quot;:&quot;0&quot;,&quot;credit&quot;:&quot;&quot;,&quot;camera&quot;:&quot;&quot;,&quot;caption&quot;:&quot;&quot;,&quot;created_timestamp&quot;:&quot;0&quot;,&quot;copyright&quot;:&quot;&quot;,&quot;focal_length&quot;:&quot;0&quot;,&quot;iso&quot;:&quot;0&quot;,&quot;shutter_speed&quot;:&quot;0&quot;,&quot;title&quot;:&quot;&quot;,&quot;orientation&quot;:&quot;0&quot;}\" data-image-title=\"oevre_image\" data-image-description=\"\" data-image-caption=\"\" data-medium-file=\"https:\/\/koronclin.com\/wp-content\/uploads\/2017\/03\/oevre_image.jpg\" data-large-file=\"https:\/\/koronclin.com\/wp-content\/uploads\/2017\/03\/oevre_image.jpg\" class=\"alignleft size-full wp-image-80\" src=\"\/wp-content\/uploads\/2017\/03\/oevre_image.jpg\" alt=\"\" width=\"193\" height=\"246\" \/>Kor Onclin, n\u00e9 \u00e0 Leeuwarden\/Pays-Bas grandit dans une famille artistique et lib\u00e9rale.\u00a0A l\u2019\u00e9cole primaire d\u00e9j\u00e0 il se fait remarquer par ses talents pour la musique et le dessin. Il suit des cours \u00e0\u00a0l\u2019Acad\u00e9mie qui a \u00e9t\u00e9 le pr\u00e9curseur de la Vredeman de Vries Academie, \u00e0 Leeuwarden. C\u2019est gr\u00e2ce aux contacts\u00a0de son p\u00e8re qu\u2019il rencontre des artistes, tel que Gerrit Benner. A la fin des ann\u00e9es 1930 il expose pour la\u00a0premi\u00e8re fois dans la galerie De Boer \u00e0 Leeuwarden.<\/p>\n<p>Durant les trente premi\u00e8res ann\u00e9es de sa vie, le pays de la Frise et sa ville natale jouent un r\u00f4le important pour Kor Onclin. Il grandit dans le Leeuwarden des ann\u00e9es 1920. Son p\u00e8re poss\u00e8de un magasin d&#8217;ameublement et de d\u00e9coration int\u00e9rieure en centre ville ; l\u00e0 o\u00f9 se trouve \u00e9galement le terrain de jeu privil\u00e9gi\u00e9 du jeune Kor : autour de la Grande Eglise Jacobin. L&#8217;ambiance, l&#8217;animation et la musique de ce quartier, o\u00f9 r\u00e9side \u00e0 cette \u00e9poque d&#8217;avant-guerre une importante communaut\u00e9 juive, lui sont tr\u00e8s famili\u00e8res. Au d\u00e9but des ann\u00e9es1940, il travaille au Bureau National du Charbon, et pendant la guerre il est actif dans la R\u00e9sistance. D\u00e8s la Lib\u00e9ration, il joue pendant une assez longue p\u00e9riode dans un jazz-band semi-professionnel (percussion et chant). Vers la fin de sa vie Kor Onclin retourne \u00e0 sa terre natale. Au d\u00e9but des ann\u00e9es 1990 il a des expositions \u00e0 Elsloo, en 1999 \u00e0 la galerie Romein \u00e0 Leeuwarden, puis en 2000 au Fryske Akademie \u00e0 Leeuwarden ; ceci \u00e0 l&#8217;occasion d&#8217;une grande manifestation internationale, et \u00e0 l&#8217;invitation du conseil municipal de la capitale frisonne.<img loading=\"lazy\" decoding=\"async\" data-attachment-id=\"368\" data-permalink=\"https:\/\/koronclin.com\/fr\/biografie\/onclin-bio\/\" data-orig-file=\"https:\/\/koronclin.com\/wp-content\/uploads\/2017\/03\/onclin-bio.jpg\" data-orig-size=\"218,286\" data-comments-opened=\"0\" data-image-meta=\"{&quot;aperture&quot;:&quot;0&quot;,&quot;credit&quot;:&quot;&quot;,&quot;camera&quot;:&quot;&quot;,&quot;caption&quot;:&quot;&quot;,&quot;created_timestamp&quot;:&quot;0&quot;,&quot;copyright&quot;:&quot;&quot;,&quot;focal_length&quot;:&quot;0&quot;,&quot;iso&quot;:&quot;0&quot;,&quot;shutter_speed&quot;:&quot;0&quot;,&quot;title&quot;:&quot;&quot;,&quot;orientation&quot;:&quot;0&quot;}\" data-image-title=\"onclin bio\" data-image-description=\"\" data-image-caption=\"\" data-medium-file=\"https:\/\/koronclin.com\/wp-content\/uploads\/2017\/03\/onclin-bio.jpg\" data-large-file=\"https:\/\/koronclin.com\/wp-content\/uploads\/2017\/03\/onclin-bio.jpg\" class=\"size-full wp-image-368 alignright\" src=\"\/wp-content\/uploads\/2017\/03\/onclin-bio.jpg\" alt=\"\" width=\"218\" height=\"286\" \/><\/p>\n<p>A ses d\u00e9buts, Kor Onclin commence \u00e0 se faire conna\u00eetre par des \u0153uvres plut\u00f4t figuratives : des portraits et des paysages en noir et blanc, au fusain, au crayon et \u00e0 l&#8217;encre. Mais tr\u00e8s vite il d\u00e9veloppe un style tr\u00e8s personnel dans lequel le coloris et la texture sont des \u00e9l\u00e9ments caract\u00e9ristiques. Pour la th\u00e9matique, il s&#8217;inspire de tout ce qui vient chaque jour sur sa route, et ceci au sens le plus large. D&#8217;autres sources importantes d&#8217;inspiration sont pour lui l&#8217;art &#8221; primitif &#8221; des peuples africains ainsi que l&#8217;\u00e9merveillement naturel et spontan\u00e9 de l&#8217;enfant. A cet \u00e9gard, une certaine affinit\u00e9 avec le mouvement CoBrA est reconnaissable dans son \u0153uvre.<\/p>\n<p>Bien qu&#8217;apr\u00e8s la guerre Onclin continue de peindre, il s&#8217;oriente d\u00e9sormais professionnellement vers un autre domaine, suite \u00e0 ses exp\u00e9riences de guerre douloureuses, et conform\u00e9ment \u00e0 son engagement profond\u00e9ment humain.<\/p>\n<table border=\"0\" align=\"left\">\n<tbody>\n<tr>\n<td valign=\"top\" width=\"100\">1948<\/td>\n<td valign=\"top\">D\u00e9part de Leeuwarden<\/td>\n<\/tr>\n<tr>\n<td valign=\"top\">1948 &#8211; 1960<\/td>\n<td valign=\"top\">\u00e9tudes d&#8217;orthop\u00e9dagogie et \u00e9tudes partielles de psychologie, de philosophie et de m\u00e9decine<\/td>\n<\/tr>\n<tr>\n<td valign=\"top\">1950 &#8211; 1978<\/td>\n<td valign=\"top\">Il travaille dans diff\u00e9rents domaines, notamment \u00e0 la protection de l&#8217;enfance, en r\u00e9insertion post-p\u00e9nale et dans des organismes li\u00e9s \u00e0 la sant\u00e9 mentale. Il enseigne en \u00e9tudes sup\u00e9rieures (Acad\u00e9mie Sociale) et il installe son cabinet de psychoth\u00e9rapie \u00e0 La Haye. Il fait partie des premiers professionnels aux Pays-Bas, qui s&#8217;orientent vers la th\u00e9rapie des familles.<\/td>\n<\/tr>\n<tr>\n<td valign=\"top\">ann\u00e9es &#8220;50&#8221;<\/td>\n<td valign=\"top\">Onclin s\u00e9journe r\u00e9guli\u00e8rement \u00e0 Paris o\u00f9 il entre en contact avec d&#8217;autres artistes : peintres, musiciens et \u00e9crivains, notamment ceux du mouvement existentialiste.<\/p>\n<p>Parall\u00e8lement \u00e0 ces activit\u00e9s professionnelles, le peintre Onclin se d\u00e9voile aussi de temps \u00e0 autre. A la fin des ann\u00e9es 1960\/d\u00e9but des ann\u00e9es 1970 il expose plus souvent.<\/td>\n<\/tr>\n<tr>\n<td valign=\"top\">1977<\/td>\n<td valign=\"top\">D\u00e9cision de se consacrer d\u00e9sormais \u00e0 la peinture.<\/td>\n<\/tr>\n<\/tbody>\n<\/table>\n<p><strong>Les ann\u00e9es Ard\u00e8choises\u00a0(1978 &#8211; 2002)<\/strong><\/p>\n<table border=\"0\" cellspacing=\"1\">\n<tbody>\n<tr align=\"left\" valign=\"top\">\n<td valign=\"top\">1978<\/td>\n<td valign=\"top\">Onclin met un terme \u00e0 ses activit\u00e9s de psychoth\u00e9rapeute, quitte les Pays-Bas et s&#8217;installe d\u00e9finitivement dans le sud-est de la France, dans la r\u00e9gion de Privas en Ard\u00e8che.<\/td>\n<\/tr>\n<tr>\n<td valign=\"top\">1981<\/td>\n<td valign=\"top\">Premi\u00e8re exposition fran\u00e7aise<\/td>\n<\/tr>\n<tr>\n<td valign=\"top\">1986<\/td>\n<td valign=\"top\">Contact renouvel\u00e9 avec le monde artistique n\u00e9erlandais; exposition \u00e0 la Galerie Vlasblom \u00e0 Arnhem<\/td>\n<\/tr>\n<tr>\n<td valign=\"top\">1986<\/td>\n<td valign=\"top\">Installation de son nouvel atelier \u00e0 Privas, rue Bir Hakeim<\/td>\n<\/tr>\n<tr>\n<td valign=\"top\">1986 &#8211; 2001<\/td>\n<td valign=\"top\">D\u00e9sormais il expose tous les ans aux Pays-Bas o\u00f9 diff\u00e9rentes galeries disposent d&#8217;un d\u00e9p\u00f4t permanent de ses \u0153uvres<\/p>\n<p>Dans ces m\u00eames ann\u00e9es il participe r\u00e9guli\u00e8rement aux grands Salons Internationaux de Peinture en France, notamment dans le sud-est: Arles, Aix-en-Provence, Avignon, Marseille, Cannes, Privas. De nombreux prix et distinctions sont attribu\u00e9s \u00e0 ses \u0153uvres :<br \/>\n&#8211;\u00a0\u00a0\u00a0\u00a0Arles 1983, \u00a0<em>Grand Prix International<br \/>\n<\/em>&#8211;\u00a0\u00a0\u00a0\u00a0Aix-en-Provence 1983, \u00a0<em>1er Prix Fantastique<br \/>\n<\/em>&#8211;\u00a0\u00a0\u00a0\u00a0Avignon 1984, \u00a0<em>Prix Visages du XX i\u00e8me Si\u00e8cle<br \/>\n<\/em>&#8211;\u00a0\u00a0\u00a0\u00a0Barcelone (Esp.) 1984, \u00a0<em>1er Prix Abstrait<br \/>\n<\/em>&#8211;\u00a0\u00a0\u00a0\u00a0Aix-en-Provence 1984, \u00a0<em>Prix \u00a0La C\u00f4te des Arts<\/em><\/td>\n<\/tr>\n<tr valign=\"top\">\n<td colspan=\"2\"><\/td>\n<\/tr>\n<\/tbody>\n<\/table>\n<table border=\"0\">\n<tbody>\n<tr>\n<td><img loading=\"lazy\" decoding=\"async\" data-attachment-id=\"1185\" data-permalink=\"https:\/\/koronclin.com\/fr\/biografie\/privas-2\/\" data-orig-file=\"https:\/\/koronclin.com\/wp-content\/uploads\/2017\/03\/Privas.jpg\" data-orig-size=\"237,443\" data-comments-opened=\"0\" data-image-meta=\"{&quot;aperture&quot;:&quot;0&quot;,&quot;credit&quot;:&quot;&quot;,&quot;camera&quot;:&quot;&quot;,&quot;caption&quot;:&quot;&quot;,&quot;created_timestamp&quot;:&quot;0&quot;,&quot;copyright&quot;:&quot;&quot;,&quot;focal_length&quot;:&quot;0&quot;,&quot;iso&quot;:&quot;0&quot;,&quot;shutter_speed&quot;:&quot;0&quot;,&quot;title&quot;:&quot;&quot;,&quot;orientation&quot;:&quot;0&quot;}\" data-image-title=\"Privas\" data-image-description=\"\" data-image-caption=\"\" data-medium-file=\"https:\/\/koronclin.com\/wp-content\/uploads\/2017\/03\/Privas-160x300.jpg\" data-large-file=\"https:\/\/koronclin.com\/wp-content\/uploads\/2017\/03\/Privas.jpg\" class=\"size-medium wp-image-1185 alignleft\" src=\"\/wp-content\/uploads\/2017\/03\/Privas-160x300.jpg\" alt=\"\" width=\"160\" height=\"300\" srcset=\"https:\/\/koronclin.com\/wp-content\/uploads\/2017\/03\/Privas-160x300.jpg 160w, https:\/\/koronclin.com\/wp-content\/uploads\/2017\/03\/Privas.jpg 237w\" sizes=\"auto, (max-width: 160px) 100vw, 160px\" \/>A tous \u00e9gards, l&#8217;installation en France (Rochessauve\/Privas) et les ann\u00e9es ard\u00e9choises ont \u00e9t\u00e9 tr\u00e8s importantes; pour l&#8217;artiste, autant que pour l&#8217;homme. Sous l&#8217;influence de cette nouvelle vie, les couleurs de sa palette comme la force de son langage pictural prennent encore plus de luminosit\u00e9 et de profondeur, et s&#8217;intensifient. Il trouve sur cette nouvelle terre la qualit\u00e9 d&#8217;existence \u00e0 laquelle il a toujours aspir\u00e9L&#8217;installation en 1986 de son Atelier au centre de Privas, rue Bir Hakeim, g\u00e9n\u00e8re manifestement une nouvelle et vibrante impulsion \u00e0 sa peinture.Son r\u00f4le dans la vie culturelle en Ard\u00e8che s&#8217;affirme.<br \/>\nKor Onclin est tr\u00e8s estim\u00e9 et appr\u00e9ci\u00e9 pour ses talents d&#8217;artiste peintre et ses qualit\u00e9s d&#8217;homme. En outre, il est pour beaucoup de coll\u00e8gues peintres un grand inspirateur.<\/td>\n<td align=\"right\">&nbsp;<\/p>\n<p>&nbsp;<\/td>\n<\/tr>\n<\/tbody>\n<\/table>\n<table border=\"0\">\n<tbody>\n<tr>\n<td valign=\"top\">1997<\/td>\n<td valign=\"top\">Nouvel Atelier rue des Poireaux \u00e0 Privas<\/td>\n<\/tr>\n<tr>\n<td valign=\"top\">1998<\/td>\n<td valign=\"top\">Monographie <em>&#8220;Couleurs d&#8217;Emerveillement&#8221;<\/em>, \u00e0 l&#8217;occasion de ses 80 ans<\/td>\n<\/tr>\n<tr>\n<td valign=\"top\">1999 &#8211; 2001<\/td>\n<td valign=\"top\"><em>L&#8217;Art dans les Classes<\/em>: des interventions de peinture en classe, tr\u00e8s appr\u00e9ci\u00e9es des \u00e9coles ard\u00e9choises<\/td>\n<\/tr>\n<tr>\n<td valign=\"top\">juin 2002<\/td>\n<td valign=\"top\">Arr\u00eat de l&#8217;Atelier rue des Poireaux, pour cause de maladie<\/td>\n<\/tr>\n<tr>\n<td valign=\"top\">automne 2002<\/td>\n<td valign=\"top\">Kor Onclin rentre dans son pays natal les Pays-Bas, en raison de son \u00e9tat de sant\u00e9<\/td>\n<\/tr>\n<tr>\n<td valign=\"top\">mars 2003<\/td>\n<td valign=\"top\">D\u00e9c\u00e8s de Kor Onclin<\/td>\n<\/tr>\n<tr>\n<td valign=\"top\">novembre 2003<\/td>\n<td valign=\"top\">Exposition-hommage \u00e0 la galerie Envol, Privas\/France<\/td>\n<\/tr>\n<tr>\n<td valign=\"top\">d\u00e9cembre 2003<\/td>\n<td valign=\"top\">Exposition-hommage \u00e0 la galerie Vlasblom, Arnhem\/Pays-Bas<\/td>\n<\/tr>\n<tr>\n<td valign=\"top\">septembre 2004<\/td>\n<td valign=\"top\">Inauguration de la <strong>Place Kor Onclin<\/strong> \u00e0 Privas, pr\u00e9fecture de l&#8217;Ard\u00e8che<\/td>\n<\/tr>\n<tr>\n<td valign=\"top\">d\u00e9cembre 2005<\/td>\n<td valign=\"top\">Exposition-hommage \u00e0 Leeuwarden\/Pays-Bas<\/td>\n<\/tr>\n<tr>\n<td><\/td>\n<td><\/td>\n<\/tr>\n<tr>\n<td><\/td>\n<td><a href=\"http:\/\/www.koronclin.com\/fr\/exposities\">Expositions historique<\/a><\/td>\n<\/tr>\n<\/tbody>\n<\/table>\n","protected":false},"excerpt":{"rendered":"<p>Kor Onclin (1918 &#8211; 2003) &#8216;Une vie haute en couleurs.&#8217; Kor Onclin, n\u00e9 \u00e0 Leeuwarden\/Pays-Bas grandit dans une famille artistique&#8230;<\/p>\n","protected":false},"author":2,"featured_media":141,"parent":0,"menu_order":0,"comment_status":"closed","ping_status":"closed","template":"","meta":{"footnotes":""},"class_list":["post-127","page","type-page","status-publish","has-post-thumbnail","hentry"],"translation":{"provider":"WPGlobus","version":"3.0.0","language":"fr","enabled_languages":["nl","gb","fr","fy"],"languages":{"nl":{"title":true,"content":true,"excerpt":false},"gb":{"title":true,"content":true,"excerpt":false},"fr":{"title":true,"content":true,"excerpt":false},"fy":{"title":true,"content":true,"excerpt":false}}},"yoast_head":"<!-- This site is optimized with the Yoast SEO plugin v26.5 - https:\/\/yoast.com\/wordpress\/plugins\/seo\/ -->\n<title>Biographie - Kor Onclin<\/title>\n<meta name=\"robots\" content=\"index, follow, max-snippet:-1, max-image-preview:large, max-video-preview:-1\" \/>\n<link rel=\"canonical\" href=\"https:\/\/koronclin.com\/biografie\/\" \/>\n<meta property=\"og:locale\" content=\"fr_FR\" \/>\n<meta property=\"og:type\" content=\"article\" \/>\n<meta property=\"og:title\" content=\"Biographie - Kor Onclin\" \/>\n<meta property=\"og:url\" content=\"https:\/\/koronclin.com\/biografie\/\" \/>\n<meta property=\"og:site_name\" content=\"Kor Onclin\" \/>\n<meta property=\"article:publisher\" content=\"https:\/\/www.facebook\/koronclin\" \/>\n<meta property=\"article:modified_time\" content=\"2025-12-14T13:51:39+00:00\" \/>\n<meta property=\"og:image\" content=\"https:\/\/koronclin.com\/wp-content\/uploads\/2017\/03\/featured-biografie.jpg\" \/>\n\t<meta property=\"og:image:width\" content=\"742\" \/>\n\t<meta property=\"og:image:height\" content=\"400\" \/>\n\t<meta property=\"og:image:type\" content=\"image\/jpeg\" \/>\n<meta name=\"twitter:card\" content=\"summary_large_image\" \/>\n<meta name=\"twitter:site\" content=\"@koronclin\" \/>\n<meta name=\"twitter:label1\" content=\"Est. reading time\" \/>\n\t<meta name=\"twitter:data1\" content=\"5 minutes\" \/>\n<script type=\"application\/ld+json\" class=\"yoast-schema-graph\">{\"@context\":\"https:\/\/schema.org\",\"@graph\":[{\"@type\":\"WebPage\",\"@id\":\"https:\/\/koronclin.com\/biografie\/\",\"url\":\"https:\/\/koronclin.com\/biografie\/\",\"name\":\"Biographie - Kor Onclin\",\"isPartOf\":{\"@id\":\"https:\/\/koronclin.com\/#website\"},\"primaryImageOfPage\":{\"@id\":\"https:\/\/koronclin.com\/biografie\/#primaryimage\"},\"image\":{\"@id\":\"https:\/\/koronclin.com\/biografie\/#primaryimage\"},\"thumbnailUrl\":\"https:\/\/koronclin.com\/wp-content\/uploads\/2017\/03\/featured-biografie.jpg\",\"datePublished\":\"2017-03-14T20:09:32+00:00\",\"dateModified\":\"2025-12-14T13:51:39+00:00\",\"breadcrumb\":{\"@id\":\"https:\/\/koronclin.com\/biografie\/#breadcrumb\"},\"inLanguage\":\"fr-FR\",\"potentialAction\":[{\"@type\":\"ReadAction\",\"target\":[\"https:\/\/koronclin.com\/biografie\/\"]}]},{\"@type\":\"ImageObject\",\"inLanguage\":\"fr-FR\",\"@id\":\"https:\/\/koronclin.com\/biografie\/#primaryimage\",\"url\":\"https:\/\/koronclin.com\/wp-content\/uploads\/2017\/03\/featured-biografie.jpg\",\"contentUrl\":\"https:\/\/koronclin.com\/wp-content\/uploads\/2017\/03\/featured-biografie.jpg\",\"width\":742,\"height\":400},{\"@type\":\"BreadcrumbList\",\"@id\":\"https:\/\/koronclin.com\/biografie\/#breadcrumb\",\"itemListElement\":[{\"@type\":\"ListItem\",\"position\":1,\"name\":\"Home\",\"item\":\"https:\/\/koronclin.com\/\"},{\"@type\":\"ListItem\",\"position\":2,\"name\":\"Biografie\"}]},{\"@type\":\"WebSite\",\"@id\":\"https:\/\/koronclin.com\/#website\",\"url\":\"https:\/\/koronclin.com\/\",\"name\":\"Kor Onclin\",\"description\":\"D\u00e9di\u00e9 au travail de Kor Onclin (1918 - 2003)\",\"publisher\":{\"@id\":\"https:\/\/koronclin.com\/#organization\"},\"potentialAction\":[{\"@type\":\"SearchAction\",\"target\":{\"@type\":\"EntryPoint\",\"urlTemplate\":\"https:\/\/koronclin.com\/?s={search_term_string}\"},\"query-input\":{\"@type\":\"PropertyValueSpecification\",\"valueRequired\":true,\"valueName\":\"search_term_string\"}}],\"inLanguage\":\"fr-FR\"},{\"@type\":\"Organization\",\"@id\":\"https:\/\/koronclin.com\/#organization\",\"name\":\"Kor Onclin\",\"url\":\"https:\/\/koronclin.com\/\",\"logo\":{\"@type\":\"ImageObject\",\"inLanguage\":\"fr-FR\",\"@id\":\"https:\/\/koronclin.com\/#\/schema\/logo\/image\/\",\"url\":\"https:\/\/koronclin.com\/wp-content\/uploads\/2023\/07\/logo-smal-4.png\",\"contentUrl\":\"https:\/\/koronclin.com\/wp-content\/uploads\/2023\/07\/logo-smal-4.png\",\"width\":640,\"height\":274,\"caption\":\"Kor Onclin\"},\"image\":{\"@id\":\"https:\/\/koronclin.com\/#\/schema\/logo\/image\/\"},\"sameAs\":[\"https:\/\/www.facebook\/koronclin\",\"https:\/\/x.com\/koronclin\"]}]}<\/script>\n<!-- \/ Yoast SEO plugin. -->","yoast_head_json":{"title":"Biographie - Kor Onclin","robots":{"index":"index","follow":"follow","max-snippet":"max-snippet:-1","max-image-preview":"max-image-preview:large","max-video-preview":"max-video-preview:-1"},"canonical":"https:\/\/koronclin.com\/biografie\/","og_locale":"fr_FR","og_type":"article","og_title":"Biographie - Kor Onclin","og_url":"https:\/\/koronclin.com\/biografie\/","og_site_name":"Kor Onclin","article_publisher":"https:\/\/www.facebook\/koronclin","article_modified_time":"2025-12-14T13:51:39+00:00","og_image":[{"width":742,"height":400,"url":"https:\/\/koronclin.com\/wp-content\/uploads\/2017\/03\/featured-biografie.jpg","type":"image\/jpeg"}],"twitter_card":"summary_large_image","twitter_site":"@koronclin","twitter_misc":{"Est. reading time":"5 minutes"},"schema":{"@context":"https:\/\/schema.org","@graph":[{"@type":"WebPage","@id":"https:\/\/koronclin.com\/biografie\/","url":"https:\/\/koronclin.com\/biografie\/","name":"Biographie - Kor Onclin","isPartOf":{"@id":"https:\/\/koronclin.com\/#website"},"primaryImageOfPage":{"@id":"https:\/\/koronclin.com\/biografie\/#primaryimage"},"image":{"@id":"https:\/\/koronclin.com\/biografie\/#primaryimage"},"thumbnailUrl":"https:\/\/koronclin.com\/wp-content\/uploads\/2017\/03\/featured-biografie.jpg","datePublished":"2017-03-14T20:09:32+00:00","dateModified":"2025-12-14T13:51:39+00:00","breadcrumb":{"@id":"https:\/\/koronclin.com\/biografie\/#breadcrumb"},"inLanguage":"fr-FR","potentialAction":[{"@type":"ReadAction","target":["https:\/\/koronclin.com\/biografie\/"]}]},{"@type":"ImageObject","inLanguage":"fr-FR","@id":"https:\/\/koronclin.com\/biografie\/#primaryimage","url":"https:\/\/koronclin.com\/wp-content\/uploads\/2017\/03\/featured-biografie.jpg","contentUrl":"https:\/\/koronclin.com\/wp-content\/uploads\/2017\/03\/featured-biografie.jpg","width":742,"height":400},{"@type":"BreadcrumbList","@id":"https:\/\/koronclin.com\/biografie\/#breadcrumb","itemListElement":[{"@type":"ListItem","position":1,"name":"Home","item":"https:\/\/koronclin.com\/"},{"@type":"ListItem","position":2,"name":"Biografie"}]},{"@type":"WebSite","@id":"https:\/\/koronclin.com\/#website","url":"https:\/\/koronclin.com\/","name":"Kor Onclin","description":"D\u00e9di\u00e9 au travail de Kor Onclin (1918 - 2003)","publisher":{"@id":"https:\/\/koronclin.com\/#organization"},"potentialAction":[{"@type":"SearchAction","target":{"@type":"EntryPoint","urlTemplate":"https:\/\/koronclin.com\/?s={search_term_string}"},"query-input":{"@type":"PropertyValueSpecification","valueRequired":true,"valueName":"search_term_string"}}],"inLanguage":"fr-FR"},{"@type":"Organization","@id":"https:\/\/koronclin.com\/#organization","name":"Kor Onclin","url":"https:\/\/koronclin.com\/","logo":{"@type":"ImageObject","inLanguage":"fr-FR","@id":"https:\/\/koronclin.com\/#\/schema\/logo\/image\/","url":"https:\/\/koronclin.com\/wp-content\/uploads\/2023\/07\/logo-smal-4.png","contentUrl":"https:\/\/koronclin.com\/wp-content\/uploads\/2023\/07\/logo-smal-4.png","width":640,"height":274,"caption":"Kor Onclin"},"image":{"@id":"https:\/\/koronclin.com\/#\/schema\/logo\/image\/"},"sameAs":["https:\/\/www.facebook\/koronclin","https:\/\/x.com\/koronclin"]}]}},"jetpack_sharing_enabled":true,"_links":{"self":[{"href":"https:\/\/koronclin.com\/fr\/wp-json\/wp\/v2\/pages\/127","targetHints":{"allow":["GET"]}}],"collection":[{"href":"https:\/\/koronclin.com\/fr\/wp-json\/wp\/v2\/pages"}],"about":[{"href":"https:\/\/koronclin.com\/fr\/wp-json\/wp\/v2\/types\/page"}],"author":[{"embeddable":true,"href":"https:\/\/koronclin.com\/fr\/wp-json\/wp\/v2\/users\/2"}],"replies":[{"embeddable":true,"href":"https:\/\/koronclin.com\/fr\/wp-json\/wp\/v2\/comments?post=127"}],"version-history":[{"count":79,"href":"https:\/\/koronclin.com\/fr\/wp-json\/wp\/v2\/pages\/127\/revisions"}],"predecessor-version":[{"id":8273,"href":"https:\/\/koronclin.com\/fr\/wp-json\/wp\/v2\/pages\/127\/revisions\/8273"}],"wp:featuredmedia":[{"embeddable":true,"href":"https:\/\/koronclin.com\/fr\/wp-json\/wp\/v2\/media\/141"}],"wp:attachment":[{"href":"https:\/\/koronclin.com\/fr\/wp-json\/wp\/v2\/media?parent=127"}],"curies":[{"name":"wp","href":"https:\/\/api.w.org\/{rel}","templated":true}]}}