{"id":2594,"date":"2020-02-10T00:55:09","date_gmt":"2020-02-09T23:55:09","guid":{"rendered":"https:\/\/koronclin.com\/?page_id=2594"},"modified":"2020-04-19T00:22:50","modified_gmt":"2020-04-18T22:22:50","slug":"onderwijsprojecten","status":"publish","type":"page","link":"https:\/\/koronclin.com\/fr\/onderwijsprojecten\/","title":{"rendered":"Projets Art-Educatif"},"content":{"rendered":"<p class=\"s11\"><span class=\"s8\">La <\/span><span class=\"s8\">Fondation<\/span><span class=\"s8\"> Onclin-Chabrion a <\/span><span class=\"s8\">d\u00e9velopp\u00e9<\/span> <span class=\"s8\">un<\/span> <span class=\"s8\">projet<\/span><span class=\"s8\"> art-<\/span><span class=\"s8\">\u00e9ducatif<\/span> <span class=\"s8\">particuli\u00e8rement<\/span><span class=\"s8\"> int\u00e9ressant, <\/span><span class=\"s8\">destin\u00e9<\/span> <span class=\"s8\">aux<\/span> <span class=\"s8\">\u00e9coles<\/span><span class=\"s8\"> et <\/span><span class=\"s8\">aux i<\/span><span class=\"s8\">nstitutions<\/span> <span class=\"s8\">qui<\/span> <span class=\"s8\">organisent<\/span><span class=\"s8\"> des <\/span><span class=\"s8\">activit\u00e9s<\/span> <span class=\"s8\">culturelles pour<\/span><span class=\"s8\">\u00a0<\/span><span class=\"s8\">l\u2019enseignement<\/span><span class=\"s8\"> primair<\/span><span class=\"s8\">e<\/span><span class=\"s8\">.<\/span><\/p>\n<p class=\"s3\"><span class=\"s8\">Dans <\/span><span class=\"s8\">c<\/span><span class=\"s8\">e<\/span> <span class=\"s8\">projet<\/span><span class=\"s8\"> les <\/span><span class=\"s8\">\u00e9l\u00e8ves<\/span><span class=\"s8\"> font <\/span><span class=\"s8\">connaissance<\/span> <span class=\"s8\">avec<\/span> <span class=\"s8\">l\u2019art<\/span><span class=\"s8\"> de Kor Onclin et <\/span><span class=\"s8\">avec<\/span> <span class=\"s8\">s<\/span><span class=\"s8\">es<\/span><span class=\"s8\"> oeuvres. Suite \u00e0 <\/span><span class=\"s8\">cela<\/span> <span class=\"s8\">ils<\/span><span class=\"s8\"> se <\/span><span class=\"s8\">mettent<\/span> <span class=\"s8\">eux-m\u00eames<\/span> <span class=\"s8\">aux<\/span> <span class=\"s8\">pinceaux<\/span><span class=\"s8\">, <\/span><span class=\"s8\">inspir\u00e9s<\/span><span class=\"s8\"> par l<\/span><span class=\"s8\">es<\/span> <span class=\"s8\">peinture<\/span><span class=\"s8\">s<\/span><span class=\"s8\"> de <\/span><span class=\"s8\">l\u2019artiste<\/span><span class=\"s8\">.<\/span><\/p>\n<p class=\"s3\"><span class=\"s8\">En <\/span><span class=\"s8\">Ard\u00e8che<\/span> <span class=\"s8\">ce<\/span> <span class=\"s8\">projet<\/span><span class=\"s8\"> se fait dans les classes, et les <\/span><span class=\"s8\">\u00e9l\u00e8ves<\/span><span class=\"s8\"> y <\/span><span class=\"s8\">travaillent<\/span> <span class=\"s8\">sur<\/span> <span class=\"s8\">une<\/span> <span class=\"s8\">dur\u00e9e<\/span><span class=\"s8\"> de <\/span><span class=\"s8\">plusieures<\/span> <span class=\"s8\">semaines<\/span><span class=\"s8\">.<\/span><\/p>\n<p class=\"s3\"><strong><span class=\"s12\">But du <\/span><span class=\"s12\">projet<\/span><\/strong><\/p>\n<p class=\"s3\"><span class=\"s8\">Stimuler<\/span><span class=\"s8\"> des <\/span><span class=\"s8\">enfants<\/span><span class=\"s8\"> \u00e0 <\/span><span class=\"s8\">d\u00e9velopper<\/span> <span class=\"s8\">leurs<\/span><span class=\"s8\"> pens\u00e9es, <\/span><span class=\"s8\">r\u00e9flections<\/span><span class=\"s8\">, <\/span><span class=\"s8\">\u00e9motions<\/span><span class=\"s8\"> et <\/span><span class=\"s8\">leurs<\/span> <span class=\"s8\">opinions<\/span><span class=\"s8\">. <\/span><\/p>\n<p class=\"s3\"><span class=\"s8\">Et <\/span><span class=\"s8\">apprendre<\/span><span class=\"s8\"> \u00e0 les <\/span><span class=\"s8\">exprimer<\/span><span class=\"s8\"> \u00e0 <\/span><span class=\"s8\">l\u2019aide<\/span><span class=\"s8\"> de:<\/span><\/p>\n<div class=\"s13\">1. <span class=\"s8\">Une<\/span><span class=\"s8\"> visite <\/span><span class=\"s8\">guid\u00e9e<\/span> <span class=\"s8\">d\u2019une<\/span> <span class=\"s8\">exposition<\/span><span class=\"s8\"> des oeuvres de Kor Onclin (<\/span><span class=\"s8\">ou<\/span><span class=\"s8\"> \u00e0 <\/span><span class=\"s8\">l\u2019aide<\/span><span class=\"s8\"> des <\/span><span class=\"s8\">reproductions<\/span> <span class=\"s8\">professionelles<\/span><span class=\"s8\">, <\/span><span class=\"s8\">sur<\/span><span class=\"s8\">grand format)<\/span><span class=\"s8\">.<\/span><\/div>\n<div class=\"s13\">2. <span class=\"s8\">A<\/span><span class=\"s8\">telier de <\/span><span class=\"s8\">peinture<\/span><span class=\"s8\">, <\/span><span class=\"s8\">afin<\/span><span class=\"s8\"> de<\/span> <span class=\"s8\">d\u00e9velopper<\/span> <span class=\"s8\">leurs<\/span> <span class=\"s8\">capacit\u00e9s<\/span><span class=\"s8\">d\u2019expression<\/span><span class=\"s8\">.<\/span><\/div>\n<p class=\"s14\"><span class=\"s8\">Un<\/span><span class=\"s8\"> bel <\/span><span class=\"s8\">exemple<\/span><span class=\"s8\"> et <\/span><span class=\"s8\">bien<\/span><span class=\"s8\"> particulier <\/span><span class=\"s8\">est<\/span><span class=\"s8\"> de <\/span><span class=\"s8\">peindre<\/span><span class=\"s8\"> des <\/span><span class=\"s8\">enjoliveurs<\/span><span class=\"s8\"> de <\/span><span class=\"s8\">voiture<\/span><span class=\"s8\">.<\/span><\/p>\n<p class=\"s3\"><span class=\"s8\">En Ard\u00e8che <\/span><span class=\"s8\">le<\/span> <span class=\"s8\">projet<\/span><span class=\"s8\"> pour les <\/span><span class=\"s8\">\u00e9coles<\/span> <span class=\"s8\">est<\/span> <span class=\"s8\">organis\u00e9<\/span><span class=\"s8\"> par la DSDEN en <\/span><span class=\"s8\">etroite<\/span> <span class=\"s8\">co\u00f6p\u00e9ration<\/span> <span class=\"s8\">avec<\/span><span class=\"s8\"> la <\/span><span class=\"s8\">Fondation<\/span><span class=\"s8\"> Onclin-Chabrion <\/span><span class=\"s8\">(par <\/span><span class=\"s8\">une<\/span> <span class=\"s8\">con<\/span><span class=\"s8\">v<\/span><span class=\"s8\">ention<\/span><span class=\"s8\">, <\/span><span class=\"s8\">renouvel\u00e9e<\/span> <span class=\"s8\">chaque<\/span> <span class=\"s8\">ann\u00e9e<\/span><span class=\"s8\">)<\/span><span class=\"s8\">.<\/span><\/p>\n<p class=\"s3\"><strong><span class=\"s7\">Histoire<\/span><\/strong><\/p>\n<p class=\"s3\"><span class=\"s8\">Kor Onclin <\/span><span class=\"s8\">\u00e9tait<\/span><span class=\"s8\"> non <\/span><span class=\"s8\">seulement<\/span> <span class=\"s8\">artiste<\/span> <span class=\"s8\">peintre<\/span><span class=\"s8\"> mais <\/span><span class=\"s8\">aussi\u00a0<\/span><span class=\"s8\">psychoth\u00e9rapeute, et <\/span><span class=\"s8\">d\u2019origine<\/span> <span class=\"s8\">orthop\u00e9dagogue<\/span><span class=\"s8\">. Comme <\/span><span class=\"s8\">perso<\/span><span class=\"s8\">n<\/span><span class=\"s8\">ne<\/span> <span class=\"s8\">d\u2019autre<\/span> <span class=\"s8\">il<\/span> <span class=\"s8\">connai<\/span><span class=\"s8\">ssait<\/span> <span class=\"s8\">l\u2019importance<\/span><span class=\"s8\"> que les <\/span><span class=\"s8\">gens\u00a0<\/span><span class=\"s8\">apprennent<\/span><span class=\"s8\"> dans leur <\/span><span class=\"s8\">jeunesse<\/span><span class=\"s8\"> \u00e0 <\/span><span class=\"s8\">s\u2019exprimer<\/span> <span class=\"s8\">librement<\/span><span class=\"s8\"> et <\/span><span class=\"s8\">ind\u00e9pendamment<\/span><span class=\"s8\">. <\/span><\/p>\n<p class=\"s3\"><span class=\"s8\">Dans les <\/span><span class=\"s8\">ann\u00e9es<\/span> <span class=\"s8\">scolaires<\/span><span class=\"s8\"> les <\/span><span class=\"s8\">mati\u00e8res<\/span> <span class=\"s8\">d\u2019expressivit\u00e9<\/span><span class=\"s8\"> y <\/span><span class=\"s8\">sont\u00a0<\/span><span class=\"s8\">particuli\u00e8rement<\/span> <span class=\"s8\">appropri\u00e9<\/span><span class=\"s8\">e<\/span><span class=\"s8\">s<\/span><span class=\"s8\">. Parce<\/span>\u00a0<span class=\"s8\">qu\u2019ils<\/span> <span class=\"s8\">font appel \u00e0 <\/span><span class=\"s8\">d\u2019autres<\/span><span class=\"s8\"> couches de <\/span><span class=\"s8\">conscience<\/span><span class=\"s8\"> que les <\/span><span class=\"s8\">mati\u00e8res<\/span><span class=\"s8\"> plu<\/span><span class=\"s8\">s<\/span> <span class=\"s8\">cogniti<\/span><span class=\"s8\">ves<\/span><span class=\"s8\">.\u00a0<\/span><span class=\"s8\">C\u2019est<\/span><span class=\"s8\"> d<\/span><span class=\"s8\">ans <\/span><span class=\"s8\">ce<\/span><span class=\"s8\"> but <\/span><span class=\"s8\">que <\/span><span class=\"s8\">Kor Onclin a mis \u00e0 <\/span><span class=\"s8\">disposition<\/span> <span class=\"s8\">son<\/span><span class=\"s8\"> art. <\/span><\/p>\n<p class=\"s3\"><span class=\"s8\">A la fin des <\/span><span class=\"s8\">ann\u00e9es<\/span><span class=\"s8\"> \u201990 du si\u00e8cle dernier<\/span> <span class=\"s8\">c\u2019est<\/span><span class=\"s8\"> lui-<\/span><span class=\"s8\">m\u00eame<\/span> <span class=\"s8\">qui<\/span><span class=\"s8\"> a <\/span><span class=\"s8\">encadr\u00e9<\/span><span class=\"s8\"> les premiers <\/span><span class=\"s8\">projets<\/span><span class=\"s8\"> art-<\/span><span class=\"s8\">\u00e9ducatif<\/span> <span class=\"s8\">aux<\/span> <span class=\"s8\">\u00e9coles<\/span><span class=\"s8\"> en Ard\u00e8che.\u00a0<\/span><span class=\"s8\">L<\/span><span class=\"s8\">e<\/span><span class=\"s8\"> Bureau de la <\/span><span class=\"s8\">Fondation<\/span><span class=\"s8\"> a continu\u00e9 ces <\/span><span class=\"s8\">projets<\/span><span class=\"s8\">; \u00e0 <\/span><span class=\"s8\">parti<\/span><span class=\"s8\">r<\/span><span class=\"s8\"> de 2011 en France, et <\/span><span class=\"s8\">depuis<\/span><span class=\"s8\"> 2018 <\/span><span class=\"s8\">aux<\/span> <span class=\"s8\">Pays<\/span><span class=\"s8\">-Bas.<\/span><\/p>\n<p class=\"s3\"><a href=\"https:\/\/koronclin.com\/nieuwsbrief-2020_eng-aparte-pag\/\" target=\"_blank\" rel=\"noopener noreferrer\"><span class=\"s8\">Sous <\/span><span class=\"s8\">ce<\/span> <span class=\"s9\">lien<\/span><\/a> <span class=\"s8\">vous<\/span> <span class=\"s8\">trouvez<\/span> <span class=\"s8\">une<\/span><span class=\"s8\"> brochure des <\/span><span class=\"s8\">projets<\/span><span class=\"s8\"> en 2019 (en <\/span><span class=\"s8\">langue<\/span> <span class=\"s8\">anglaise<\/span><span class=\"s8\">).<\/span><\/p>\n","protected":false},"excerpt":{"rendered":"<p>La Fondation Onclin-Chabrion a d\u00e9velopp\u00e9 un projet art-\u00e9ducatif particuli\u00e8rement int\u00e9ressant, destin\u00e9 aux \u00e9coles et aux institutions qui organisent des activit\u00e9s&#8230;<\/p>\n","protected":false},"author":4,"featured_media":0,"parent":0,"menu_order":0,"comment_status":"closed","ping_status":"closed","template":"","meta":{"footnotes":""},"class_list":["post-2594","page","type-page","status-publish","hentry"],"translation":{"provider":"WPGlobus","version":"3.0.0","language":"fr","enabled_languages":["nl","gb","fr","fy"],"languages":{"nl":{"title":true,"content":true,"excerpt":false},"gb":{"title":true,"content":true,"excerpt":false},"fr":{"title":true,"content":true,"excerpt":false},"fy":{"title":false,"content":false,"excerpt":false}}},"yoast_head":"<!-- This site is optimized with the Yoast SEO plugin v26.5 - https:\/\/yoast.com\/wordpress\/plugins\/seo\/ -->\n<title>Projets Art-Educatif - Kor Onclin<\/title>\n<meta name=\"robots\" content=\"index, follow, max-snippet:-1, max-image-preview:large, max-video-preview:-1\" \/>\n<link rel=\"canonical\" href=\"https:\/\/koronclin.com\/fr\/onderwijsprojecten\/\" \/>\n<meta property=\"og:locale\" content=\"fr_FR\" \/>\n<meta property=\"og:type\" content=\"article\" \/>\n<meta property=\"og:title\" content=\"Projets Art-Educatif - Kor Onclin\" \/>\n<meta property=\"og:url\" content=\"https:\/\/koronclin.com\/fr\/onderwijsprojecten\/\" \/>\n<meta property=\"og:site_name\" content=\"Kor Onclin\" \/>\n<meta property=\"article:publisher\" content=\"https:\/\/www.facebook\/koronclin\" \/>\n<meta property=\"article:modified_time\" content=\"2020-04-18T22:22:50+00:00\" \/>\n<meta name=\"twitter:card\" content=\"summary_large_image\" \/>\n<meta name=\"twitter:site\" content=\"@koronclin\" \/>\n<meta name=\"twitter:label1\" content=\"Est. reading time\" \/>\n\t<meta name=\"twitter:data1\" content=\"4 minutes\" \/>\n<script type=\"application\/ld+json\" class=\"yoast-schema-graph\">{\"@context\":\"https:\/\/schema.org\",\"@graph\":[{\"@type\":\"WebPage\",\"@id\":\"https:\/\/koronclin.com\/fr\/onderwijsprojecten\/\",\"url\":\"https:\/\/koronclin.com\/fr\/onderwijsprojecten\/\",\"name\":\"Projets Art-Educatif - Kor Onclin\",\"isPartOf\":{\"@id\":\"https:\/\/koronclin.com\/#website\"},\"datePublished\":\"2020-02-09T23:55:09+00:00\",\"dateModified\":\"2020-04-18T22:22:50+00:00\",\"breadcrumb\":{\"@id\":\"https:\/\/koronclin.com\/fr\/onderwijsprojecten\/#breadcrumb\"},\"inLanguage\":\"fr-FR\",\"potentialAction\":[{\"@type\":\"ReadAction\",\"target\":[\"https:\/\/koronclin.com\/fr\/onderwijsprojecten\/\"]}]},{\"@type\":\"BreadcrumbList\",\"@id\":\"https:\/\/koronclin.com\/fr\/onderwijsprojecten\/#breadcrumb\",\"itemListElement\":[{\"@type\":\"ListItem\",\"position\":1,\"name\":\"Home\",\"item\":\"https:\/\/koronclin.com\/\"},{\"@type\":\"ListItem\",\"position\":2,\"name\":\"Projets Art-Educatif\"}]},{\"@type\":\"WebSite\",\"@id\":\"https:\/\/koronclin.com\/#website\",\"url\":\"https:\/\/koronclin.com\/\",\"name\":\"Kor Onclin\",\"description\":\"D\u00e9di\u00e9 au travail de Kor Onclin (1918 - 2003)\",\"publisher\":{\"@id\":\"https:\/\/koronclin.com\/#organization\"},\"potentialAction\":[{\"@type\":\"SearchAction\",\"target\":{\"@type\":\"EntryPoint\",\"urlTemplate\":\"https:\/\/koronclin.com\/?s={search_term_string}\"},\"query-input\":{\"@type\":\"PropertyValueSpecification\",\"valueRequired\":true,\"valueName\":\"search_term_string\"}}],\"inLanguage\":\"fr-FR\"},{\"@type\":\"Organization\",\"@id\":\"https:\/\/koronclin.com\/#organization\",\"name\":\"Kor Onclin\",\"url\":\"https:\/\/koronclin.com\/\",\"logo\":{\"@type\":\"ImageObject\",\"inLanguage\":\"fr-FR\",\"@id\":\"https:\/\/koronclin.com\/#\/schema\/logo\/image\/\",\"url\":\"https:\/\/koronclin.com\/wp-content\/uploads\/2023\/07\/logo-smal-4.png\",\"contentUrl\":\"https:\/\/koronclin.com\/wp-content\/uploads\/2023\/07\/logo-smal-4.png\",\"width\":640,\"height\":274,\"caption\":\"Kor Onclin\"},\"image\":{\"@id\":\"https:\/\/koronclin.com\/#\/schema\/logo\/image\/\"},\"sameAs\":[\"https:\/\/www.facebook\/koronclin\",\"https:\/\/x.com\/koronclin\"]}]}<\/script>\n<!-- \/ Yoast SEO plugin. -->","yoast_head_json":{"title":"Projets Art-Educatif - Kor Onclin","robots":{"index":"index","follow":"follow","max-snippet":"max-snippet:-1","max-image-preview":"max-image-preview:large","max-video-preview":"max-video-preview:-1"},"canonical":"https:\/\/koronclin.com\/fr\/onderwijsprojecten\/","og_locale":"fr_FR","og_type":"article","og_title":"Projets Art-Educatif - Kor Onclin","og_url":"https:\/\/koronclin.com\/fr\/onderwijsprojecten\/","og_site_name":"Kor Onclin","article_publisher":"https:\/\/www.facebook\/koronclin","article_modified_time":"2020-04-18T22:22:50+00:00","twitter_card":"summary_large_image","twitter_site":"@koronclin","twitter_misc":{"Est. reading time":"4 minutes"},"schema":{"@context":"https:\/\/schema.org","@graph":[{"@type":"WebPage","@id":"https:\/\/koronclin.com\/fr\/onderwijsprojecten\/","url":"https:\/\/koronclin.com\/fr\/onderwijsprojecten\/","name":"Projets Art-Educatif - Kor Onclin","isPartOf":{"@id":"https:\/\/koronclin.com\/#website"},"datePublished":"2020-02-09T23:55:09+00:00","dateModified":"2020-04-18T22:22:50+00:00","breadcrumb":{"@id":"https:\/\/koronclin.com\/fr\/onderwijsprojecten\/#breadcrumb"},"inLanguage":"fr-FR","potentialAction":[{"@type":"ReadAction","target":["https:\/\/koronclin.com\/fr\/onderwijsprojecten\/"]}]},{"@type":"BreadcrumbList","@id":"https:\/\/koronclin.com\/fr\/onderwijsprojecten\/#breadcrumb","itemListElement":[{"@type":"ListItem","position":1,"name":"Home","item":"https:\/\/koronclin.com\/"},{"@type":"ListItem","position":2,"name":"Projets Art-Educatif"}]},{"@type":"WebSite","@id":"https:\/\/koronclin.com\/#website","url":"https:\/\/koronclin.com\/","name":"Kor Onclin","description":"D\u00e9di\u00e9 au travail de Kor Onclin (1918 - 2003)","publisher":{"@id":"https:\/\/koronclin.com\/#organization"},"potentialAction":[{"@type":"SearchAction","target":{"@type":"EntryPoint","urlTemplate":"https:\/\/koronclin.com\/?s={search_term_string}"},"query-input":{"@type":"PropertyValueSpecification","valueRequired":true,"valueName":"search_term_string"}}],"inLanguage":"fr-FR"},{"@type":"Organization","@id":"https:\/\/koronclin.com\/#organization","name":"Kor Onclin","url":"https:\/\/koronclin.com\/","logo":{"@type":"ImageObject","inLanguage":"fr-FR","@id":"https:\/\/koronclin.com\/#\/schema\/logo\/image\/","url":"https:\/\/koronclin.com\/wp-content\/uploads\/2023\/07\/logo-smal-4.png","contentUrl":"https:\/\/koronclin.com\/wp-content\/uploads\/2023\/07\/logo-smal-4.png","width":640,"height":274,"caption":"Kor Onclin"},"image":{"@id":"https:\/\/koronclin.com\/#\/schema\/logo\/image\/"},"sameAs":["https:\/\/www.facebook\/koronclin","https:\/\/x.com\/koronclin"]}]}},"jetpack_sharing_enabled":true,"_links":{"self":[{"href":"https:\/\/koronclin.com\/fr\/wp-json\/wp\/v2\/pages\/2594","targetHints":{"allow":["GET"]}}],"collection":[{"href":"https:\/\/koronclin.com\/fr\/wp-json\/wp\/v2\/pages"}],"about":[{"href":"https:\/\/koronclin.com\/fr\/wp-json\/wp\/v2\/types\/page"}],"author":[{"embeddable":true,"href":"https:\/\/koronclin.com\/fr\/wp-json\/wp\/v2\/users\/4"}],"replies":[{"embeddable":true,"href":"https:\/\/koronclin.com\/fr\/wp-json\/wp\/v2\/comments?post=2594"}],"version-history":[{"count":21,"href":"https:\/\/koronclin.com\/fr\/wp-json\/wp\/v2\/pages\/2594\/revisions"}],"predecessor-version":[{"id":2767,"href":"https:\/\/koronclin.com\/fr\/wp-json\/wp\/v2\/pages\/2594\/revisions\/2767"}],"wp:attachment":[{"href":"https:\/\/koronclin.com\/fr\/wp-json\/wp\/v2\/media?parent=2594"}],"curies":[{"name":"wp","href":"https:\/\/api.w.org\/{rel}","templated":true}]}}