{"id":496,"date":"2017-03-17T16:37:45","date_gmt":"2017-03-17T15:37:45","guid":{"rendered":"http:\/\/onclin.uwid.nl\/?page_id=496"},"modified":"2025-12-14T14:45:32","modified_gmt":"2025-12-14T13:45:32","slug":"exposities","status":"publish","type":"page","link":"https:\/\/koronclin.com\/fy\/exposities\/","title":{"rendered":"Exposities"},"content":{"rendered":"\n<figure class=\"wp-block-table\"><table><tbody><tr><td>2025<\/td><td><em>Stadsgalerie<\/em> &#8211; Leeuwarden<\/td><\/tr><tr><td>2024<\/td><td><em>Verweesde Kunst<\/em> &#8211; Galerie de Statenhoek Twello<\/td><\/tr><tr><td><\/td><td><em>Onclin Blauw<\/em> &#8211; NHL Stenden Gallery Leeuwarden<\/td><\/tr><tr><td>2022<\/td><td><i>Bax Kunst &#8211;&nbsp;<\/i>Sneek<\/td><\/tr><tr><td><\/td><td><em>Tentuinstelling <\/em>&#8211; Maassluis<\/td><\/tr><tr><td><\/td><td><em>Paviljoen <\/em><i>Obe &#8211;&nbsp;<\/i>Leeuwarden<\/td><\/tr><tr><td>2019<\/td><td><i>Paleis van Justitie &#8211;&nbsp;<\/i>Den Haag<\/td><\/tr><tr><td>&nbsp;<\/td><td><i>Open dag atelier Kor Onclin &#8211;<\/i>&nbsp;Beekbergen<\/td><\/tr><tr><td>&nbsp;<\/td><td><i>Dat Bolwerck &#8211;<\/i>&nbsp;Zutphen<\/td><\/tr><tr><td>&nbsp;<\/td><td><i>La&nbsp;M\u00e9diath\u00e8que en<\/i><em>&nbsp;Galerie La Maison de Privas<\/em> &#8211; Privas, Ard\u00e8che, Frankrijk<\/td><\/tr><tr><td>2018 &#8211; 2022<\/td><td><i>Kleur je verwondering<\/i> &#8211; educatieve projecten basisscholen, Oldenzaal en Ouderkerk a\/d Amstel<\/td><\/tr><tr><td>2018<\/td><td><i>Theater Castellum en Huisartsenpraktijk Prelude &#8211;<br><\/i>Alphen aan den Rijn<\/td><\/tr><tr><td>&nbsp;<\/td><td><i>Eeuwfeest-expositie Logegebouw Vrijmetselarij &#8211;&nbsp;<\/i>Sneek<\/td><\/tr><tr><td>2017<\/td><td><i>Open dagen Atelier Kor Onclin &#8211;&nbsp;<\/i>Beekbergen<\/td><\/tr><tr><td>&nbsp;<\/td><td><em>Expositie&nbsp;Galerie Onclin Exclusieve Kunstobjecten &#8211;&nbsp;<\/em>Oldenzaal<\/td><\/tr><tr><td>2016<\/td><td><em><i>Open dagen Atelier Kor Onclin &#8211;&nbsp;<\/i><\/em>Beekbergen<\/td><\/tr><tr><td>2015 &#8211; 2025<\/td><td><em>Vervolgproject L&#8217;art de Kor Onclin, <\/em>lagere scholen &#8211; Ard\u00e8che, Frankrijk<\/td><\/tr><tr><td>2014 &#8211; 2015<\/td><td><em>Educatief kunstproject L&#8217;art de Kor Onclin<\/em>, lagere scholen &#8211; Ard\u00e8che, Frankrijk<\/td><\/tr><tr><td>2013<\/td><td><em>Expositie Restitution en r\u00e9sonances<\/em>, <em>Galerie Envol (FOL) &#8211;&nbsp;<\/em>Privas, Frankrijk<\/td><\/tr><tr><td>&nbsp;<\/td><td><em>Expositie Kor Onclin, une vie haute en couleurs<\/em>, <em>Galerie Crav\u00e9ro &#8211;&nbsp;<\/em>Le Pradet, Frankrijk<\/td><\/tr><tr><td>&nbsp;<\/td><td><em>Expositie en schilderproject voor kinderen. Centre Le Mas de l\u2019Artaude<\/em> \u2013 Le Pradet(Toulon), Frankrijk<\/td><\/tr><tr><td>2009 \u2013 2013<\/td><td><em>Permanente exposities Galerie Envol (FOL)<\/em> \u2013 Privas, Frankrijk<\/td><\/tr><tr><td>2012<\/td><td><em>\u2018Onclin Exclusieve Kunstobjecten\u2019<\/em> \u2013 Oldenzaal<br>Expositie t.g.v. 20-jarig jubileum Onclin-Chabrion Stichting<\/td><\/tr><tr><td>2011<\/td><td><em>Centre \u00e9ducatif culturel et artistique \u201cLes Portes de l\u2019Ard\u00e8che\u201d<\/em> &#8211; Meyras, Frankrijk<br>Expositieproject met kinderen. Schilderijen op doek\/papier<\/td><\/tr><tr><td>&nbsp;<\/td><td><em>Ecomus\u00e9e du Moulinage<\/em> &#8211; Chirols, Ard\u00e8che, Frankrijk<br>Schilderijen op doek\/papier<\/td><\/tr><tr><td>&nbsp;<\/td><td><em>Stadsexpositie \u2018Kunst in de etalage\u00b4<\/em> &#8211; Oldenzaal<br>deelname met werken op papier<\/td><\/tr><tr><td>2010 &#8211; 2011<\/td><td><em>Expositie &#8216;Spel met verf&#8217;, School van Frieswijk<\/em> &#8211; Schalkhaar<br>Werken op papier\/doek en Totemgroep<\/td><\/tr><tr><td>2010<\/td><td><em>Zomerexpositie, Museum Martena &#8211;&nbsp;<\/em>Franeker<br>Ruimtelijke objecten (3 groepen \u2018Totems\u2019)&nbsp;in de historische stinsetuin van het museum.<\/td><\/tr><tr><td>2008<\/td><td><em>Expositie: L&#8217;Echo du Pass\u00e9 Pr\u00e9sent, Ch\u00e2teau de La Vo\u00fblte<\/em> &nbsp;&#8211; &nbsp;Ard\u00e8che, Frankrijk<\/td><\/tr><tr><td>2007<\/td><td><em>Expositie Kor Onclin, Galerie BAS &#8211;&nbsp;<\/em>Sneek<\/td><\/tr><tr><td>2006<\/td><td><em>Expositie Kor Onclin, Gemeentehuis<\/em>&nbsp;&#8211; Twello<\/td><\/tr><tr><td>&nbsp;<\/td><td><em>Expositie Kor Onclin, Galerie Aquarius Art<\/em> \u2013 Klarenbeek<\/td><\/tr><tr><td>2005<\/td><td><em>Hommage-tentoonstelling Kor Onclin, &nbsp;It Frysk Skildersh\u00fbs<\/em> \u2013 Leeuwarden<\/td><\/tr><tr><td>2003<\/td><td><em>Hommage-expositie Galerie Vlasblom<\/em> \u2013 Arnhem<br><em>Hommage-expositie Galerie Espace Envol<\/em> &#8211; Privas, Ard\u00e8che, Frankrijk<\/td><\/tr><tr><td>2002<\/td><td><em>Overzichtstentoonstelling, Gerechtsgebouw<\/em>&nbsp;&#8211; Rotterdam<br><em>Galerie Vlasblom &#8211;&nbsp;<\/em>Arnhem<\/td><\/tr><tr><td>2001<\/td><td><em>Invit\u00e9 d&#8217;honneur 59e Salon d&#8217;Automne<\/em> &#8211; Privas<br><em>Expositie &#8216;Village-Caf\u00e9&#8217;<\/em> &#8211; Flaviac, Ard\u00e8che<br>I<em>nvit\u00e9 d&#8217;honneur Exposition Internationale d&#8217;Art Abstrait &#8216;M\u00e9tamorphose&#8217;<\/em><br><em> Ch\u00e2teau de la Vo\u00fblte<\/em>&#8211; Ard\u00e8che<\/td><\/tr><tr><td>2000<\/td><td><em>&#8216;Leeuwarden in Perspectief&#8217; &#8211; Simmer 2000; &nbsp;expositie Fryske Akademie<\/em> &#8211; Leeuwarden<\/td><\/tr><tr><td>1999<\/td><td><em>Kor Onclin 80 jaar, jubileum-expositie Galerie Vlasblom<\/em> &#8211; Arnhem<br><em>Galerij Romein<\/em> &#8211; Leeuwarden<br><em>Expositie &#8216;l&#8217;Art dans les Classes&#8217;, Espace Envol<\/em> &#8211; Privas<br><em>Expositie &#8216;Licht in de duisternis&#8217;, Magnuskerk<\/em> &#8211; Anloo (Dr.)<\/td><\/tr><tr><td>1998<\/td><td><em>Hommage-expositie &#8216;Les quatre fois vingt \u00e9t\u00e9s d&#8217;Onclin&#8217; &#8211; Mus\u00e9e Municipal d&#8217;Art<\/em><br><em> Contemporain\/Centre d&#8217;Art A. Auclair<\/em> &#8211; Cruas, Ard\u00e8che<\/td><\/tr><tr><td>1997<\/td><td><em>Expositie &#8216;Mensen, Maskers en Gedaanten&#8217;, Galerie De Lawei<\/em> &#8211; Drachten<br><em>Galerie MenS Wever &#8211;&nbsp;<\/em>&#8216;s-Gravenzande<br>E<em>xpositie &#8216;Hommage \u00e0 une Amie&#8217;, HomeGalerie Eve Jansen<\/em> &#8211; Arnhem<br><em>Espace Envol<\/em>&nbsp;&#8211; Privas<\/td><\/tr><tr><td>1996<\/td><td><em>4e Galerie Manifestatie Noord-Nederland<\/em> &#8211; Groningen<br><em>Galerie &#8216;La Marotte&#8217;<\/em> &#8211; Vals-les-Bains, Ard\u00e8che<br><em>Magnuskerk<\/em> &#8211; Anloo<br><em>Galerie Kadijkveste<\/em> &#8211; Amsterdam<br><em>Galerie Vlasblom<\/em> &#8211; Arnhem<br><em>HomeGalerie Eve Jansen<\/em> \u2013 Arnhem<\/td><\/tr><tr><td>&nbsp;1995<\/td><td><em>&#8216;Salon des Bataves&#8217; &#8211; Institut N\u00e9erlandais<\/em> &#8211; Paris<br><em>Galerie Kadijkveste<\/em> &#8211; Amsterdam<br><em>Centre d&#8217;Art A. Auclair<\/em> &#8211; Cruas, Ard\u00e8che<br><em>Hoofdkantoor &#8216;De Telegraaf&#8217;<\/em> \u2013 Amsterdam<\/td><\/tr><tr><td>1994<\/td><td><em>Galerie &#8216;De Zonnebloem&#8217;<\/em> &#8211; Elsloo (Fr.)<br><em>HomeGalerie Eve Jansen<\/em> &#8211; Arnhem<br><em>Caisse R\u00e9gionale Cr\u00e9dit Agricole Ard\u00e8che<\/em> &#8211; Privas<br><em>Europees Octrooibureau<\/em> \u2013 Rijswijk<\/td><\/tr><tr><td>1993<\/td><td><em>Galerie Vlasblom<\/em> &#8211; Arnhem<br><em>Festival International d&#8217;Art<\/em> &#8211; Gluiras, Ard\u00e8che<\/td><\/tr><tr><td>1992<\/td><td><em>Galerie MenS Wever<\/em> &#8211; &#8216;s-Gravenzande<br><em>Galerie &#8216;De Zonnebloem&#8217;<\/em> &#8211; Elsloo (Fr.)<br><em>Galerie &#8216;De Zonnebloem&#8217;<\/em> &#8211; Bergen (NH)<\/td><\/tr><tr><td>1991<\/td><td><em>Restaurant &#8216;De Echoput&#8217;<\/em> &#8211; Apeldoorn<br><em>Galerie Vlasblom<\/em> &#8211; Arnhem<br><em>Galerie Teun Renes<\/em> \u2013 Apeldoorn<\/td><\/tr><tr><td>1990<\/td><td><em>Banque Cr\u00e9dit Lyonnais<\/em> &#8211; Aubenas, Ard\u00e8che<br><em>Raadhuis-Galerie<\/em> \u2013 Hoofddorp<\/td><\/tr><tr><td>1989<\/td><td><em>Galerie Vlasblom<\/em> \u2013 Arnhem<\/td><\/tr><tr><td>1988<\/td><td><em>Toonzaal-Galerie Onclin<\/em> &#8211; Oldenzaal<br><em>Galerie Vlasblom<\/em> \u2013 Arnhem<\/td><\/tr><tr><td>1987<\/td><td><em>T.C.&#8217;s-Gallery<\/em> \u2013 Amsterdam<\/td><\/tr><tr><td>1986<\/td><td><em>Galerie Vlasblom<\/em> \u2013 Arnhem<br><em>Invit\u00e9 d&#8217;honneur expositie stedenverband<\/em>&nbsp;&#8211; Veyras, Zwitserland<\/td><\/tr><tr><td>1984<\/td><td><em>Salon d&#8217;Automne, Aix-en-Provence &#8211; Prix &#8220;La C\u00f4te des Arts&#8221;<\/em> (kunstblad)<br><em>Salon International d&#8217;Avignon &#8211; Prix &#8220;Visages du xxi\u00e8me Si\u00e8cle&#8221;<\/em> (kunstblad)<br><em>Salon Arts-Inter &#8211;&nbsp;<\/em>Barcelona (Spanje) &#8211; 1er prix Abstrait<br><em>Galerie de l&#8217;Office du Tourisme<\/em> &#8211; Aix-en-Provence<br><em>Salon International Palais des Congr\u00e8s<\/em> \u2013 Brussel<\/td><\/tr><tr><td>1983<\/td><td><em>Salon d&#8217;Automne d&#8217;Aix-en-Provence<\/em> &#8211; 1er prix Fantastique<br><em>Salon International d&#8217;Arles<\/em> &#8211; 2i\u00e8me Grand Prix<\/td><\/tr><tr><td>1982<\/td><td><em>Galerie Max Manent<\/em> &#8211; Loriol, Dr\u00f4me<\/td><\/tr><tr><td>1981<\/td><td><em>&#8220;Peinture au Pr\u00e9sent&#8221;, Galerie des mobiles<\/em> \u2013 Privas<\/td><\/tr><tr><td>1980 &#8211; 2002<\/td><td>Vrijwel onafgebroken deelname aan de jaarlijkse <em>Salon d&#8217;Automne d&#8217;Ard\u00e8che<\/em><\/td><\/tr><tr><td>Eind jaren &#8217;50 tot 1978:<\/td><td>diverse exposities in Nederland, met name begin jaren &#8217;70.<\/td><\/tr><tr><td>1972<\/td><td><em>Galerie De Oijevaar<\/em> &#8211; Oirschot<br><em>Galerie Harlekijn Holland<\/em> &#8211; Westbroek, Utrecht<\/td><\/tr><tr><td>1971<\/td><td><em>Galerie Centre de l&#8217;Art<\/em> &#8211; Den Haag<br><em>Galerie De Gouden Ploeg<\/em> &#8211; Lage Mierde<\/td><\/tr><tr><td>1970<\/td><td><em>Galerie &#8216;t Kooike<\/em> &#8211; Helmond<br><em>Galerie De Kuyl<\/em> &#8211; Bilthoven<\/td><\/tr><\/tbody><\/table><figcaption class=\"wp-element-caption\">Van eerdere tentoonstellingen zijn geen gegevens meer beschikbaar.<\/figcaption><\/figure>\n\n\n\n<p><\/p>\n","protected":false},"excerpt":{"rendered":"<p>2025 Stadsgalerie &#8211; Leeuwarden 2024 Verweesde Kunst &#8211; Galerie de Statenhoek Twello Onclin Blauw &#8211; NHL Stenden Gallery Leeuwarden 2022&#8230;<\/p>\n","protected":false},"author":2,"featured_media":0,"parent":0,"menu_order":0,"comment_status":"closed","ping_status":"closed","template":"","meta":{"footnotes":""},"class_list":["post-496","page","type-page","status-publish","hentry"],"translation":{"provider":"WPGlobus","version":"3.0.0","language":"fy","enabled_languages":["nl","gb","fr","fy"],"languages":{"nl":{"title":true,"content":true,"excerpt":false},"gb":{"title":true,"content":false,"excerpt":false},"fr":{"title":false,"content":false,"excerpt":false},"fy":{"title":false,"content":false,"excerpt":false}}},"yoast_head":"<!-- This site is optimized with the Yoast SEO plugin v26.5 - https:\/\/yoast.com\/wordpress\/plugins\/seo\/ -->\n<title>- Kor Onclin<\/title>\n<meta name=\"robots\" content=\"index, follow, max-snippet:-1, max-image-preview:large, max-video-preview:-1\" \/>\n<link rel=\"canonical\" href=\"https:\/\/koronclin.com\/exposities\/\" \/>\n<meta property=\"og:locale\" content=\"en_US\" \/>\n<meta property=\"og:type\" content=\"article\" \/>\n<meta property=\"og:title\" content=\"- Kor Onclin\" \/>\n<meta property=\"og:url\" content=\"https:\/\/koronclin.com\/exposities\/\" \/>\n<meta property=\"og:site_name\" content=\"Kor Onclin\" \/>\n<meta property=\"article:publisher\" content=\"https:\/\/www.facebook\/koronclin\" \/>\n<meta property=\"article:modified_time\" content=\"2025-12-14T13:45:32+00:00\" \/>\n<meta name=\"twitter:card\" content=\"summary_large_image\" \/>\n<meta name=\"twitter:site\" content=\"@koronclin\" \/>\n<meta name=\"twitter:label1\" content=\"Est. reading time\" \/>\n\t<meta name=\"twitter:data1\" content=\"4 minutes\" \/>\n<script type=\"application\/ld+json\" class=\"yoast-schema-graph\">{\"@context\":\"https:\/\/schema.org\",\"@graph\":[{\"@type\":\"WebPage\",\"@id\":\"https:\/\/koronclin.com\/exposities\/\",\"url\":\"https:\/\/koronclin.com\/exposities\/\",\"name\":\"- Kor Onclin\",\"isPartOf\":{\"@id\":\"https:\/\/koronclin.com\/#website\"},\"datePublished\":\"2017-03-17T15:37:45+00:00\",\"dateModified\":\"2025-12-14T13:45:32+00:00\",\"breadcrumb\":{\"@id\":\"https:\/\/koronclin.com\/exposities\/#breadcrumb\"},\"inLanguage\":\"fy-FY\",\"potentialAction\":[{\"@type\":\"ReadAction\",\"target\":[\"https:\/\/koronclin.com\/exposities\/\"]}]},{\"@type\":\"BreadcrumbList\",\"@id\":\"https:\/\/koronclin.com\/exposities\/#breadcrumb\",\"itemListElement\":[{\"@type\":\"ListItem\",\"position\":1,\"name\":\"Home\",\"item\":\"https:\/\/koronclin.com\/\"},{\"@type\":\"ListItem\",\"position\":2,\"name\":\"Exposities\"}]},{\"@type\":\"WebSite\",\"@id\":\"https:\/\/koronclin.com\/#website\",\"url\":\"https:\/\/koronclin.com\/\",\"name\":\"Kor Onclin\",\"description\":\"Gewijd aan het werk van Kor Onclin (1918 - 2003)\",\"publisher\":{\"@id\":\"https:\/\/koronclin.com\/#organization\"},\"potentialAction\":[{\"@type\":\"SearchAction\",\"target\":{\"@type\":\"EntryPoint\",\"urlTemplate\":\"https:\/\/koronclin.com\/?s={search_term_string}\"},\"query-input\":{\"@type\":\"PropertyValueSpecification\",\"valueRequired\":true,\"valueName\":\"search_term_string\"}}],\"inLanguage\":\"fy-FY\"},{\"@type\":\"Organization\",\"@id\":\"https:\/\/koronclin.com\/#organization\",\"name\":\"Kor Onclin\",\"url\":\"https:\/\/koronclin.com\/\",\"logo\":{\"@type\":\"ImageObject\",\"inLanguage\":\"fy-FY\",\"@id\":\"https:\/\/koronclin.com\/#\/schema\/logo\/image\/\",\"url\":\"https:\/\/koronclin.com\/wp-content\/uploads\/2023\/07\/logo-smal-4.png\",\"contentUrl\":\"https:\/\/koronclin.com\/wp-content\/uploads\/2023\/07\/logo-smal-4.png\",\"width\":640,\"height\":274,\"caption\":\"Kor Onclin\"},\"image\":{\"@id\":\"https:\/\/koronclin.com\/#\/schema\/logo\/image\/\"},\"sameAs\":[\"https:\/\/www.facebook\/koronclin\",\"https:\/\/x.com\/koronclin\"]}]}<\/script>\n<!-- \/ Yoast SEO plugin. -->","yoast_head_json":{"title":"- Kor Onclin","robots":{"index":"index","follow":"follow","max-snippet":"max-snippet:-1","max-image-preview":"max-image-preview:large","max-video-preview":"max-video-preview:-1"},"canonical":"https:\/\/koronclin.com\/exposities\/","og_locale":"en_US","og_type":"article","og_title":"- Kor Onclin","og_url":"https:\/\/koronclin.com\/exposities\/","og_site_name":"Kor Onclin","article_publisher":"https:\/\/www.facebook\/koronclin","article_modified_time":"2025-12-14T13:45:32+00:00","twitter_card":"summary_large_image","twitter_site":"@koronclin","twitter_misc":{"Est. reading time":"4 minutes"},"schema":{"@context":"https:\/\/schema.org","@graph":[{"@type":"WebPage","@id":"https:\/\/koronclin.com\/exposities\/","url":"https:\/\/koronclin.com\/exposities\/","name":"- Kor Onclin","isPartOf":{"@id":"https:\/\/koronclin.com\/#website"},"datePublished":"2017-03-17T15:37:45+00:00","dateModified":"2025-12-14T13:45:32+00:00","breadcrumb":{"@id":"https:\/\/koronclin.com\/exposities\/#breadcrumb"},"inLanguage":"fy-FY","potentialAction":[{"@type":"ReadAction","target":["https:\/\/koronclin.com\/exposities\/"]}]},{"@type":"BreadcrumbList","@id":"https:\/\/koronclin.com\/exposities\/#breadcrumb","itemListElement":[{"@type":"ListItem","position":1,"name":"Home","item":"https:\/\/koronclin.com\/"},{"@type":"ListItem","position":2,"name":"Exposities"}]},{"@type":"WebSite","@id":"https:\/\/koronclin.com\/#website","url":"https:\/\/koronclin.com\/","name":"Kor Onclin","description":"Gewijd aan het werk van Kor Onclin (1918 - 2003)","publisher":{"@id":"https:\/\/koronclin.com\/#organization"},"potentialAction":[{"@type":"SearchAction","target":{"@type":"EntryPoint","urlTemplate":"https:\/\/koronclin.com\/?s={search_term_string}"},"query-input":{"@type":"PropertyValueSpecification","valueRequired":true,"valueName":"search_term_string"}}],"inLanguage":"fy-FY"},{"@type":"Organization","@id":"https:\/\/koronclin.com\/#organization","name":"Kor Onclin","url":"https:\/\/koronclin.com\/","logo":{"@type":"ImageObject","inLanguage":"fy-FY","@id":"https:\/\/koronclin.com\/#\/schema\/logo\/image\/","url":"https:\/\/koronclin.com\/wp-content\/uploads\/2023\/07\/logo-smal-4.png","contentUrl":"https:\/\/koronclin.com\/wp-content\/uploads\/2023\/07\/logo-smal-4.png","width":640,"height":274,"caption":"Kor Onclin"},"image":{"@id":"https:\/\/koronclin.com\/#\/schema\/logo\/image\/"},"sameAs":["https:\/\/www.facebook\/koronclin","https:\/\/x.com\/koronclin"]}]}},"jetpack_sharing_enabled":true,"_links":{"self":[{"href":"https:\/\/koronclin.com\/fy\/wp-json\/wp\/v2\/pages\/496","targetHints":{"allow":["GET"]}}],"collection":[{"href":"https:\/\/koronclin.com\/fy\/wp-json\/wp\/v2\/pages"}],"about":[{"href":"https:\/\/koronclin.com\/fy\/wp-json\/wp\/v2\/types\/page"}],"author":[{"embeddable":true,"href":"https:\/\/koronclin.com\/fy\/wp-json\/wp\/v2\/users\/2"}],"replies":[{"embeddable":true,"href":"https:\/\/koronclin.com\/fy\/wp-json\/wp\/v2\/comments?post=496"}],"version-history":[{"count":47,"href":"https:\/\/koronclin.com\/fy\/wp-json\/wp\/v2\/pages\/496\/revisions"}],"predecessor-version":[{"id":8111,"href":"https:\/\/koronclin.com\/fy\/wp-json\/wp\/v2\/pages\/496\/revisions\/8111"}],"wp:attachment":[{"href":"https:\/\/koronclin.com\/fy\/wp-json\/wp\/v2\/media?parent=496"}],"curies":[{"name":"wp","href":"https:\/\/api.w.org\/{rel}","templated":true}]}}